{"id":54,"date":"2019-03-15T10:52:52","date_gmt":"2019-03-15T10:52:52","guid":{"rendered":"https:\/\/www.peters-catering.de\/?page_id=54"},"modified":"2024-02-06T23:55:30","modified_gmt":"2024-02-06T23:55:30","slug":"herzlich-willkommen","status":"publish","type":"page","link":"https:\/\/www.peters-catering.de\/","title":{"rendered":"Herzlich Willkommen im Adria Bad Griesbach"},"content":{"rendered":"\n<div class=\"wp-block-group\"><div class=\"wp-block-group__inner-container is-layout-flow wp-block-group-is-layout-flow\">\n<blockquote class=\"wp-block-quote has-text-align-center is-style-large is-layout-flow wp-block-quote-is-layout-flow\">\n<p><br><br>\u201eWillkommen als G\u00e4ste und geht als Freunde!\u201c<\/p>\n<cite>\u2014 Familie Peters<\/cite><\/blockquote>\n\n\n\n<hr class=\"wp-block-separator has-css-opacity is-style-dots\"\/>\n<\/div><\/div>\n\n\n\n<p>Willkommen bei Adria Bad Griesbach, Ihrem kulinarischen Ziel f\u00fcr au\u00dfergew\u00f6hnliche Speiseerlebnisse. In der Herzlichkeit unseres Ambientes bieten wir eine Vielfalt an exquisiten Grillfleischgerichten, authentischen Mittelmeerspezialit\u00e4ten sowie handgemachten Pizzas und Pastas, die jeden Gaumen verzaubern. Unser Engagement f\u00fcr Qualit\u00e4t und Gastfreundschaft steht im Mittelpunkt unserer Philosophie.<\/p>\n\n\n\n<p class=\"has-text-align-center\"><strong>Individuell gestaltete Feierlichkeiten<\/strong><\/p>\n\n\n\n<p>Ihre besonderen Momente verdienen einen au\u00dfergew\u00f6hnlichen Rahmen. Ob Hochzeit, Geburtstag, Taufe oder Firmung \u2013 wir bieten ma\u00dfgeschneiderte Catering-L\u00f6sungen, die perfekt auf Ihre individuellen W\u00fcnsche und Bed\u00fcrfnisse abgestimmt sind. Unser Team arbeitet eng mit Ihnen zusammen, um jede Feier zu einem unvergesslichen Ereignis zu machen.<\/p>\n\n\n\n<p class=\"has-text-align-center\"><strong>Anerkennungen<\/strong><\/p>\n\n\n\n<p>Unser Restaurant ist stolz auf die Anerkennung durch <a href=\"https:\/\/restaurantguru.com\/Adria-Restaurant-Bad-Griesbach-Bad-Griesbach?utm_source=b_campaign\" target=\"_blank\" rel=\"noreferrer noopener\">Restaurant Guru<\/a> 2024, ein Zeugnis unserer Hingabe an kulinarische Exzellenz und herausragenden Service. Ein besonderer Dank gilt Ihnen, unseren gesch\u00e4tzten G\u00e4sten, f\u00fcr Ihre kontinuierliche Unterst\u00fctzung und die hervorragenden Bewertungen, die Sie uns entgegenbringen. Ihre Zufriedenheit und Ihr Lob sind unsere gr\u00f6\u00dfte Motivation.<\/p>\n\n\n<div class=\"wp-block-image is-style-default\">\n<figure class=\"aligncenter size-large is-resized\"><a href=\"https:\/\/restaurantguru.com\/Adria-Restaurant-Bad-Griesbach-Bad-Griesbach?utm_source=b_campaign\" target=\"_blank\" rel=\"noreferrer noopener\"><img loading=\"lazy\" decoding=\"async\" width=\"724\" height=\"1024\" data-attachment-id=\"579\" data-permalink=\"https:\/\/www.peters-catering.de\/?attachment_id=579\" data-orig-file=\"https:\/\/www.peters-catering.de\/wp-content\/uploads\/2024\/02\/RestaurantGuru_Certificate1.png\" data-orig-size=\"2480,3508\" data-comments-opened=\"0\" data-image-meta=\"{&quot;aperture&quot;:&quot;0&quot;,&quot;credit&quot;:&quot;&quot;,&quot;camera&quot;:&quot;&quot;,&quot;caption&quot;:&quot;&quot;,&quot;created_timestamp&quot;:&quot;0&quot;,&quot;copyright&quot;:&quot;&quot;,&quot;focal_length&quot;:&quot;0&quot;,&quot;iso&quot;:&quot;0&quot;,&quot;shutter_speed&quot;:&quot;0&quot;,&quot;title&quot;:&quot;&quot;,&quot;orientation&quot;:&quot;0&quot;}\" data-image-title=\"RestaurantGuru_Certificate1\" data-image-description=\"\" data-image-caption=\"\" data-medium-file=\"https:\/\/www.peters-catering.de\/wp-content\/uploads\/2024\/02\/RestaurantGuru_Certificate1-212x300.png\" data-large-file=\"https:\/\/www.peters-catering.de\/wp-content\/uploads\/2024\/02\/RestaurantGuru_Certificate1-724x1024.png\" src=\"https:\/\/www.peters-catering.de\/wp-content\/uploads\/2024\/02\/RestaurantGuru_Certificate1-724x1024.png\" alt=\"\" class=\"wp-image-579\" style=\"width:353px;height:auto\" srcset=\"https:\/\/www.peters-catering.de\/wp-content\/uploads\/2024\/02\/RestaurantGuru_Certificate1-724x1024.png 724w, https:\/\/www.peters-catering.de\/wp-content\/uploads\/2024\/02\/RestaurantGuru_Certificate1-212x300.png 212w, https:\/\/www.peters-catering.de\/wp-content\/uploads\/2024\/02\/RestaurantGuru_Certificate1-768x1086.png 768w, https:\/\/www.peters-catering.de\/wp-content\/uploads\/2024\/02\/RestaurantGuru_Certificate1-1086x1536.png 1086w, https:\/\/www.peters-catering.de\/wp-content\/uploads\/2024\/02\/RestaurantGuru_Certificate1-1448x2048.png 1448w\" sizes=\"auto, (max-width: 724px) 100vw, 724px\" \/><\/a><\/figure><\/div>\n\n\n<p><\/p>\n\n\n\n<p>Besuchen Sie uns und erleben Sie die Passion, die wir in jede Mahlzeit legen. Bei Adria Bad Griesbach sind Sie nicht nur ein Gast, sondern ein Teil unserer stetig wachsenden Familie. Wir freuen uns darauf, Sie bald in unserem Restaurant begr\u00fc\u00dfen zu d\u00fcrfen und gemeinsam unvergessliche Geschmackserlebnisse zu kreieren.<\/p>\n","protected":false},"excerpt":{"rendered":"<p>\u201eWillkommen als G\u00e4ste und geht als Freunde!\u201c Willkommen bei Adria Bad Griesbach, Ihrem kulinarischen Ziel f\u00fcr au\u00dfergew\u00f6hnliche Speiseerlebnisse. In der Herzlichkeit unseres Ambientes bieten wir eine Vielfalt an exquisiten Grillfleischgerichten, authentischen Mittelmeerspezialit\u00e4ten sowie handgemachten Pizzas und Pastas, die jeden Gaumen verzaubern. Unser Engagement f\u00fcr Qualit\u00e4t und Gastfreundschaft steht im Mittelpunkt unserer Philosophie. Individuell gestaltete Feierlichkeiten [&hellip;]<\/p>\n<div class=\"shariff shariff-align-center shariff-widget-align-center\" style=\"display:none\" data-services=\"facebook\" data-url=\"https%3A%2F%2Fwww.peters-catering.de%2F\" data-timestamp=\"1707263730\" data-hidezero=\"1\" data-backendurl=\"?rest_route=\/shariff\/v1\/share_counts&\"><ul class=\"shariff-buttons theme-white orientation-horizontal buttonsize-medium\"><li class=\"shariff-button mastodon shariff-nocustomcolor\" style=\"background-color:#563ACC\"><a href=\"https:\/\/s2f.kytta.dev\/?text=Herzlich%20Willkommen%20im%20Adria%20Bad%20Griesbach https%3A%2F%2Fwww.peters-catering.de%2F\" title=\"Bei Mastodon teilen\" aria-label=\"Bei Mastodon teilen\" role=\"button\" rel=\"noopener nofollow\" class=\"shariff-link\" style=\"; background-color:#6364FF; color:#6364FF\" target=\"_blank\"><span class=\"shariff-icon\" style=\"fill:#6364FF\"><svg width=\"75\" height=\"79\" viewBox=\"0 0 75 79\" fill=\"none\" xmlns=\"http:\/\/www.w3.org\/2000\/svg\"><path d=\"M37.813-.025C32.462-.058 27.114.13 21.79.598c-8.544.621-17.214 5.58-20.203 13.931C-1.12 23.318.408 32.622.465 41.65c.375 7.316.943 14.78 3.392 21.73 4.365 9.465 14.781 14.537 24.782 15.385 7.64.698 15.761-.213 22.517-4.026a54.1 54.1 0 0 0 .01-6.232c-6.855 1.316-14.101 2.609-21.049 1.074-3.883-.88-6.876-4.237-7.25-8.215-1.53-3.988 3.78-.43 5.584-.883 9.048 1.224 18.282.776 27.303-.462 7.044-.837 14.26-4.788 16.65-11.833 2.263-6.135 1.215-12.79 1.698-19.177.06-3.84.09-7.692-.262-11.52C72.596 7.844 63.223.981 53.834.684a219.453 219.453 0 0 0-16.022-.71zm11.294 12.882c5.5-.067 10.801 4.143 11.67 9.653.338 1.48.471 3 .471 4.515v21.088h-8.357c-.07-7.588.153-15.182-.131-22.765-.587-4.368-7.04-5.747-9.672-2.397-2.422 3.04-1.47 7.155-1.67 10.735v6.392h-8.307c-.146-4.996.359-10.045-.404-15.002-1.108-4.218-7.809-5.565-10.094-1.666-1.685 3.046-.712 6.634-.976 9.936v14.767h-8.354c.109-8.165-.238-16.344.215-24.5.674-5.346 5.095-10.389 10.676-10.627 4.902-.739 10.103 2.038 12.053 6.631.375 1.435 1.76 1.932 1.994.084 1.844-3.704 5.501-6.739 9.785-6.771.367-.044.735-.068 1.101-.073z\"\/><defs><linearGradient id=\"paint0_linear_549_34\" x1=\"37.0692\" y1=\"0\" x2=\"37.0692\" y2=\"79\" gradientUnits=\"userSpaceOnUse\"><stop stop-color=\"#6364FF\"\/><stop offset=\"1\" stop-color=\"#563ACC\"\/><\/linearGradient><\/defs><\/svg><\/span><span class=\"shariff-text\" style=\"color:#6364FF\">teilen<\/span>&nbsp;<\/a><\/li><li class=\"shariff-button facebook shariff-nocustomcolor\" style=\"background-color:#4273c8\"><a href=\"https:\/\/www.facebook.com\/sharer\/sharer.php?u=https%3A%2F%2Fwww.peters-catering.de%2F\" title=\"Bei Facebook teilen\" aria-label=\"Bei Facebook teilen\" role=\"button\" rel=\"nofollow\" class=\"shariff-link\" style=\"; background-color:#3b5998; color:#3b5998\" target=\"_blank\"><span class=\"shariff-icon\" style=\"fill:#3b5998\"><svg width=\"32px\" height=\"20px\" xmlns=\"http:\/\/www.w3.org\/2000\/svg\" viewBox=\"0 0 18 32\"><path fill=\"#3b5998\" d=\"M17.1 0.2v4.7h-2.8q-1.5 0-2.1 0.6t-0.5 1.9v3.4h5.2l-0.7 5.3h-4.5v13.6h-5.5v-13.6h-4.5v-5.3h4.5v-3.9q0-3.3 1.9-5.2t5-1.8q2.6 0 4.1 0.2z\"\/><\/svg><\/span><span class=\"shariff-text\" style=\"color:#3b5998\">teilen<\/span>&nbsp;<span data-service=\"facebook\" style=\"color:#3b5998\" class=\"shariff-count shariff-hidezero\"><\/span>&nbsp;<\/a><\/li><li class=\"shariff-button linkedin shariff-nocustomcolor\" style=\"background-color:#1488bf\"><a href=\"https:\/\/www.linkedin.com\/sharing\/share-offsite\/?url=https%3A%2F%2Fwww.peters-catering.de%2F\" title=\"Bei LinkedIn teilen\" aria-label=\"Bei LinkedIn teilen\" role=\"button\" rel=\"noopener nofollow\" class=\"shariff-link\" style=\"; background-color:#0077b5; color:#0077b5\" target=\"_blank\"><span class=\"shariff-icon\" style=\"fill:#0077b5\"><svg width=\"32px\" height=\"20px\" xmlns=\"http:\/\/www.w3.org\/2000\/svg\" viewBox=\"0 0 27 32\"><path fill=\"#0077b5\" d=\"M6.2 11.2v17.7h-5.9v-17.7h5.9zM6.6 5.7q0 1.3-0.9 2.2t-2.4 0.9h0q-1.5 0-2.4-0.9t-0.9-2.2 0.9-2.2 2.4-0.9 2.4 0.9 0.9 2.2zM27.4 18.7v10.1h-5.9v-9.5q0-1.9-0.7-2.9t-2.3-1.1q-1.1 0-1.9 0.6t-1.2 1.5q-0.2 0.5-0.2 1.4v9.9h-5.9q0-7.1 0-11.6t0-5.3l0-0.9h5.9v2.6h0q0.4-0.6 0.7-1t1-0.9 1.6-0.8 2-0.3q3 0 4.9 2t1.9 6z\"\/><\/svg><\/span><span class=\"shariff-text\" style=\"color:#0077b5\">teilen<\/span>&nbsp;<\/a><\/li><li class=\"shariff-button info shariff-nocustomcolor\" style=\"background-color:#a8a8a8\"><a href=\"https:\/\/www.peters-catering.de\/?page_id=3\" title=\"Weitere Informationen\" aria-label=\"Weitere Informationen\" role=\"button\" rel=\"noopener \" class=\"shariff-link\" style=\"; background-color:#999; color:#999\" target=\"_blank\"><span class=\"shariff-icon\" style=\"fill:#999\"><svg width=\"32px\" height=\"20px\" xmlns=\"http:\/\/www.w3.org\/2000\/svg\" viewBox=\"0 0 11 32\"><path fill=\"#999\" d=\"M11.4 24v2.3q0 0.5-0.3 0.8t-0.8 0.4h-9.1q-0.5 0-0.8-0.4t-0.4-0.8v-2.3q0-0.5 0.4-0.8t0.8-0.4h1.1v-6.8h-1.1q-0.5 0-0.8-0.4t-0.4-0.8v-2.3q0-0.5 0.4-0.8t0.8-0.4h6.8q0.5 0 0.8 0.4t0.4 0.8v10.3h1.1q0.5 0 0.8 0.4t0.3 0.8zM9.2 3.4v3.4q0 0.5-0.4 0.8t-0.8 0.4h-4.6q-0.4 0-0.8-0.4t-0.4-0.8v-3.4q0-0.4 0.4-0.8t0.8-0.4h4.6q0.5 0 0.8 0.4t0.4 0.8z\"\/><\/svg><\/span><\/a><\/li><\/ul><\/div>","protected":false},"author":5,"featured_media":0,"parent":0,"menu_order":0,"comment_status":"closed","ping_status":"closed","template":"","meta":{"ngg_post_thumbnail":0,"footnotes":""},"class_list":["post-54","page","type-page","status-publish","hentry"],"yoast_head":"<!-- This site is optimized with the Yoast SEO plugin v25.7 - https:\/\/yoast.com\/wordpress\/plugins\/seo\/ -->\n<title>Herzlich Willkommen im Adria Bad Griesbach - Adria Bad Griesbach<\/title>\n<meta name=\"description\" content=\"Online bestellen, mitnehmen oder Tisch reservieren bei Adria Bad Griesbach.\" \/>\n<meta name=\"robots\" content=\"index, follow, max-snippet:-1, max-image-preview:large, max-video-preview:-1\" \/>\n<link rel=\"canonical\" href=\"https:\/\/www.peters-catering.de\/\" \/>\n<meta property=\"og:locale\" content=\"de_DE\" \/>\n<meta property=\"og:type\" content=\"article\" \/>\n<meta property=\"og:title\" content=\"Herzlich Willkommen im Adria Bad Griesbach - Adria Bad Griesbach\" \/>\n<meta property=\"og:description\" content=\"Online bestellen, mitnehmen oder Tisch reservieren bei Adria Bad Griesbach.\" \/>\n<meta property=\"og:url\" content=\"https:\/\/www.peters-catering.de\/\" \/>\n<meta property=\"og:site_name\" content=\"Adria Bad Griesbach\" \/>\n<meta property=\"article:modified_time\" content=\"2024-02-06T23:55:30+00:00\" \/>\n<meta property=\"og:image\" content=\"https:\/\/www.peters-catering.de\/wp-content\/uploads\/2024\/02\/RestaurantGuru_Certificate1-724x1024.png\" \/>\n<meta name=\"twitter:card\" content=\"summary_large_image\" \/>\n<meta name=\"twitter:label1\" content=\"Gesch\u00e4tzte Lesezeit\" \/>\n\t<meta name=\"twitter:data1\" content=\"2\u00a0Minuten\" \/>\n<script type=\"application\/ld+json\" class=\"yoast-schema-graph\">{\"@context\":\"https:\/\/schema.org\",\"@graph\":[{\"@type\":\"WebPage\",\"@id\":\"https:\/\/www.peters-catering.de\/\",\"url\":\"https:\/\/www.peters-catering.de\/\",\"name\":\"Herzlich Willkommen im Adria Bad Griesbach - Adria Bad Griesbach\",\"isPartOf\":{\"@id\":\"https:\/\/www.peters-catering.de\/#website\"},\"primaryImageOfPage\":{\"@id\":\"https:\/\/www.peters-catering.de\/#primaryimage\"},\"image\":{\"@id\":\"https:\/\/www.peters-catering.de\/#primaryimage\"},\"thumbnailUrl\":\"https:\/\/www.peters-catering.de\/wp-content\/uploads\/2024\/02\/RestaurantGuru_Certificate1-724x1024.png\",\"datePublished\":\"2019-03-15T10:52:52+00:00\",\"dateModified\":\"2024-02-06T23:55:30+00:00\",\"description\":\"Online bestellen, mitnehmen oder Tisch reservieren bei Adria Bad Griesbach.\",\"breadcrumb\":{\"@id\":\"https:\/\/www.peters-catering.de\/#breadcrumb\"},\"inLanguage\":\"de\",\"potentialAction\":[{\"@type\":\"ReadAction\",\"target\":[\"https:\/\/www.peters-catering.de\/\"]}]},{\"@type\":\"ImageObject\",\"inLanguage\":\"de\",\"@id\":\"https:\/\/www.peters-catering.de\/#primaryimage\",\"url\":\"https:\/\/www.peters-catering.de\/wp-content\/uploads\/2024\/02\/RestaurantGuru_Certificate1.png\",\"contentUrl\":\"https:\/\/www.peters-catering.de\/wp-content\/uploads\/2024\/02\/RestaurantGuru_Certificate1.png\",\"width\":2480,\"height\":3508},{\"@type\":\"BreadcrumbList\",\"@id\":\"https:\/\/www.peters-catering.de\/#breadcrumb\",\"itemListElement\":[{\"@type\":\"ListItem\",\"position\":1,\"name\":\"Startseite\",\"item\":\"https:\/\/www.peters-catering.de\/\"},{\"@type\":\"ListItem\",\"position\":2,\"name\":\"Herzlich Willkommen im Adria Bad Griesbach\"}]},{\"@type\":\"WebSite\",\"@id\":\"https:\/\/www.peters-catering.de\/#website\",\"url\":\"https:\/\/www.peters-catering.de\/\",\"name\":\"Adria Bad Griesbach\",\"description\":\"Bad Griesbach\",\"publisher\":{\"@id\":\"https:\/\/www.peters-catering.de\/#organization\"},\"potentialAction\":[{\"@type\":\"SearchAction\",\"target\":{\"@type\":\"EntryPoint\",\"urlTemplate\":\"https:\/\/www.peters-catering.de\/?s={search_term_string}\"},\"query-input\":{\"@type\":\"PropertyValueSpecification\",\"valueRequired\":true,\"valueName\":\"search_term_string\"}}],\"inLanguage\":\"de\"},{\"@type\":\"Organization\",\"@id\":\"https:\/\/www.peters-catering.de\/#organization\",\"name\":\"Adria Bad Griesbach\",\"url\":\"https:\/\/www.peters-catering.de\/\",\"logo\":{\"@type\":\"ImageObject\",\"inLanguage\":\"de\",\"@id\":\"https:\/\/www.peters-catering.de\/#\/schema\/logo\/image\/\",\"url\":\"https:\/\/www.peters-catering.de\/wp-content\/uploads\/2019\/03\/cropped-Pfief_Logo-1.jpg\",\"contentUrl\":\"https:\/\/www.peters-catering.de\/wp-content\/uploads\/2019\/03\/cropped-Pfief_Logo-1.jpg\",\"width\":185,\"height\":76,\"caption\":\"Adria Bad Griesbach\"},\"image\":{\"@id\":\"https:\/\/www.peters-catering.de\/#\/schema\/logo\/image\/\"}}]}<\/script>\n<!-- \/ Yoast SEO plugin. -->","yoast_head_json":{"title":"Herzlich Willkommen im Adria Bad Griesbach - Adria Bad Griesbach","description":"Online bestellen, mitnehmen oder Tisch reservieren bei Adria Bad Griesbach.","robots":{"index":"index","follow":"follow","max-snippet":"max-snippet:-1","max-image-preview":"max-image-preview:large","max-video-preview":"max-video-preview:-1"},"canonical":"https:\/\/www.peters-catering.de\/","og_locale":"de_DE","og_type":"article","og_title":"Herzlich Willkommen im Adria Bad Griesbach - Adria Bad Griesbach","og_description":"Online bestellen, mitnehmen oder Tisch reservieren bei Adria Bad Griesbach.","og_url":"https:\/\/www.peters-catering.de\/","og_site_name":"Adria Bad Griesbach","article_modified_time":"2024-02-06T23:55:30+00:00","og_image":[{"url":"https:\/\/www.peters-catering.de\/wp-content\/uploads\/2024\/02\/RestaurantGuru_Certificate1-724x1024.png","type":"","width":"","height":""}],"twitter_card":"summary_large_image","twitter_misc":{"Gesch\u00e4tzte Lesezeit":"2\u00a0Minuten"},"schema":{"@context":"https:\/\/schema.org","@graph":[{"@type":"WebPage","@id":"https:\/\/www.peters-catering.de\/","url":"https:\/\/www.peters-catering.de\/","name":"Herzlich Willkommen im Adria Bad Griesbach - Adria Bad Griesbach","isPartOf":{"@id":"https:\/\/www.peters-catering.de\/#website"},"primaryImageOfPage":{"@id":"https:\/\/www.peters-catering.de\/#primaryimage"},"image":{"@id":"https:\/\/www.peters-catering.de\/#primaryimage"},"thumbnailUrl":"https:\/\/www.peters-catering.de\/wp-content\/uploads\/2024\/02\/RestaurantGuru_Certificate1-724x1024.png","datePublished":"2019-03-15T10:52:52+00:00","dateModified":"2024-02-06T23:55:30+00:00","description":"Online bestellen, mitnehmen oder Tisch reservieren bei Adria Bad Griesbach.","breadcrumb":{"@id":"https:\/\/www.peters-catering.de\/#breadcrumb"},"inLanguage":"de","potentialAction":[{"@type":"ReadAction","target":["https:\/\/www.peters-catering.de\/"]}]},{"@type":"ImageObject","inLanguage":"de","@id":"https:\/\/www.peters-catering.de\/#primaryimage","url":"https:\/\/www.peters-catering.de\/wp-content\/uploads\/2024\/02\/RestaurantGuru_Certificate1.png","contentUrl":"https:\/\/www.peters-catering.de\/wp-content\/uploads\/2024\/02\/RestaurantGuru_Certificate1.png","width":2480,"height":3508},{"@type":"BreadcrumbList","@id":"https:\/\/www.peters-catering.de\/#breadcrumb","itemListElement":[{"@type":"ListItem","position":1,"name":"Startseite","item":"https:\/\/www.peters-catering.de\/"},{"@type":"ListItem","position":2,"name":"Herzlich Willkommen im Adria Bad Griesbach"}]},{"@type":"WebSite","@id":"https:\/\/www.peters-catering.de\/#website","url":"https:\/\/www.peters-catering.de\/","name":"Adria Bad Griesbach","description":"Bad Griesbach","publisher":{"@id":"https:\/\/www.peters-catering.de\/#organization"},"potentialAction":[{"@type":"SearchAction","target":{"@type":"EntryPoint","urlTemplate":"https:\/\/www.peters-catering.de\/?s={search_term_string}"},"query-input":{"@type":"PropertyValueSpecification","valueRequired":true,"valueName":"search_term_string"}}],"inLanguage":"de"},{"@type":"Organization","@id":"https:\/\/www.peters-catering.de\/#organization","name":"Adria Bad Griesbach","url":"https:\/\/www.peters-catering.de\/","logo":{"@type":"ImageObject","inLanguage":"de","@id":"https:\/\/www.peters-catering.de\/#\/schema\/logo\/image\/","url":"https:\/\/www.peters-catering.de\/wp-content\/uploads\/2019\/03\/cropped-Pfief_Logo-1.jpg","contentUrl":"https:\/\/www.peters-catering.de\/wp-content\/uploads\/2019\/03\/cropped-Pfief_Logo-1.jpg","width":185,"height":76,"caption":"Adria Bad Griesbach"},"image":{"@id":"https:\/\/www.peters-catering.de\/#\/schema\/logo\/image\/"}}]}},"jetpack_sharing_enabled":true,"jetpack_shortlink":"https:\/\/wp.me\/PaIVBg-S","_links":{"self":[{"href":"https:\/\/www.peters-catering.de\/index.php?rest_route=\/wp\/v2\/pages\/54","targetHints":{"allow":["GET"]}}],"collection":[{"href":"https:\/\/www.peters-catering.de\/index.php?rest_route=\/wp\/v2\/pages"}],"about":[{"href":"https:\/\/www.peters-catering.de\/index.php?rest_route=\/wp\/v2\/types\/page"}],"author":[{"embeddable":true,"href":"https:\/\/www.peters-catering.de\/index.php?rest_route=\/wp\/v2\/users\/5"}],"replies":[{"embeddable":true,"href":"https:\/\/www.peters-catering.de\/index.php?rest_route=%2Fwp%2Fv2%2Fcomments&post=54"}],"version-history":[{"count":36,"href":"https:\/\/www.peters-catering.de\/index.php?rest_route=\/wp\/v2\/pages\/54\/revisions"}],"predecessor-version":[{"id":595,"href":"https:\/\/www.peters-catering.de\/index.php?rest_route=\/wp\/v2\/pages\/54\/revisions\/595"}],"wp:attachment":[{"href":"https:\/\/www.peters-catering.de\/index.php?rest_route=%2Fwp%2Fv2%2Fmedia&parent=54"}],"curies":[{"name":"wp","href":"https:\/\/api.w.org\/{rel}","templated":true}]}}